{"id":1147,"date":"2025-02-13T11:33:58","date_gmt":"2025-02-13T11:33:58","guid":{"rendered":"https:\/\/akademiafalizycia.pl\/registration\/"},"modified":"2025-04-07T07:52:31","modified_gmt":"2025-04-07T07:52:31","slug":"registration","status":"publish","type":"page","link":"https:\/\/akademiafalizycia.pl\/en\/registration\/","title":{"rendered":"Registration"},"content":{"rendered":"<div data-elementor-type=\"wp-page\" data-elementor-id=\"1147\" class=\"elementor elementor-1147\" data-elementor-post-type=\"page\">\n\t\t\t\t<div data-particle_enable=\"false\" data-particle-mobile-disabled=\"false\" class=\"elementor-element elementor-element-81d831e e-con-full e-flex e-con e-parent\" data-id=\"81d831e\" data-element_type=\"container\">\n\t\t<div data-particle_enable=\"false\" data-particle-mobile-disabled=\"false\" class=\"elementor-element elementor-element-658e938 e-con-full elementor-hidden-mobile e-flex e-con e-child\" data-id=\"658e938\" data-element_type=\"container\" data-settings=\"{&quot;background_background&quot;:&quot;classic&quot;}\">\n\t\t\t\t<div class=\"elementor-element elementor-element-a9dd7df elementor-widget elementor-widget-image\" data-id=\"a9dd7df\" data-element_type=\"widget\" data-widget_type=\"image.default\">\n\t\t\t\t<div class=\"elementor-widget-container\">\n\t\t\t\t\t\t\t\t\t\t\t\t\t\t\t\t<a href=\"https:\/\/akademiafalizycia.pl\/en\">\n\t\t\t\t\t\t\t<img decoding=\"async\" width=\"291\" height=\"50\" src=\"https:\/\/akademiafalizycia.pl\/wp-content\/uploads\/2025\/02\/Logo.png\" class=\"attachment-large size-large wp-image-1711\" alt=\"\" \/>\t\t\t\t\t\t\t\t<\/a>\n\t\t\t\t\t\t\t\t\t\t\t\t\t\t\t<\/div>\n\t\t\t\t<\/div>\n\t\t\t\t<\/div>\n\t\t<div data-particle_enable=\"false\" data-particle-mobile-disabled=\"false\" class=\"elementor-element elementor-element-6426df0 e-con-full e-flex e-con e-child\" data-id=\"6426df0\" data-element_type=\"container\">\n\t\t\t\t<div class=\"elementor-element elementor-element-702b222 elementor-align-left elementor-icon-list--layout-traditional elementor-list-item-link-full_width elementor-widget elementor-widget-icon-list\" data-id=\"702b222\" data-element_type=\"widget\" data-widget_type=\"icon-list.default\">\n\t\t\t\t<div class=\"elementor-widget-container\">\n\t\t\t\t\t\t\t<ul class=\"elementor-icon-list-items\">\n\t\t\t\t\t\t\t<li class=\"elementor-icon-list-item\">\n\t\t\t\t\t\t\t\t\t\t\t<a href=\"https:\/\/akademiafalizycia.pl\/en\/\">\n\n\t\t\t\t\t\t\t\t\t\t\t\t<span class=\"elementor-icon-list-icon\">\n\t\t\t\t\t\t\t<svg aria-hidden=\"true\" class=\"e-font-icon-svg e-fas-angle-left\" viewbox=\"0 0 256 512\" xmlns=\"http:\/\/www.w3.org\/2000\/svg\"><path d=\"M31.7 239l136-136c9.4-9.4 24.6-9.4 33.9 0l22.6 22.6c9.4 9.4 9.4 24.6 0 33.9L127.9 256l96.4 96.4c9.4 9.4 9.4 24.6 0 33.9L201.7 409c-9.4 9.4-24.6 9.4-33.9 0l-136-136c-9.5-9.4-9.5-24.6-.1-34z\"><\/path><\/svg>\t\t\t\t\t\t<\/span>\n\t\t\t\t\t\t\t\t\t\t<span class=\"elementor-icon-list-text\">Powr\u00f3t do strony g\u0142\u00f3wnej<\/span>\n\t\t\t\t\t\t\t\t\t\t\t<\/a>\n\t\t\t\t\t\t\t\t\t<\/li>\n\t\t\t\t\t\t<\/ul>\n\t\t\t\t\t\t<\/div>\n\t\t\t\t<\/div>\n\t\t\t\t<div class=\"elementor-element elementor-element-a7e3319 elementor-widget elementor-widget-heading\" data-id=\"a7e3319\" data-element_type=\"widget\" data-widget_type=\"heading.default\">\n\t\t\t\t<div class=\"elementor-widget-container\">\n\t\t\t\t\t<h2 class=\"elementor-heading-title elementor-size-default\">Zarejestruj si\u0119 do Lifewave Academy<\/h2>\t\t\t\t<\/div>\n\t\t\t\t<\/div>\n\t\t\t\t<div class=\"elementor-element elementor-element-f769931 e-transform elementor-widget elementor-widget-text-editor\" data-id=\"f769931\" data-element_type=\"widget\" data-settings=\"{&quot;_transform_translateY_effect&quot;:{&quot;unit&quot;:&quot;px&quot;,&quot;size&quot;:-15,&quot;sizes&quot;:[]},&quot;_transform_translateX_effect&quot;:{&quot;unit&quot;:&quot;px&quot;,&quot;size&quot;:&quot;&quot;,&quot;sizes&quot;:[]},&quot;_transform_translateX_effect_tablet&quot;:{&quot;unit&quot;:&quot;px&quot;,&quot;size&quot;:&quot;&quot;,&quot;sizes&quot;:[]},&quot;_transform_translateX_effect_mobile&quot;:{&quot;unit&quot;:&quot;px&quot;,&quot;size&quot;:&quot;&quot;,&quot;sizes&quot;:[]},&quot;_transform_translateY_effect_tablet&quot;:{&quot;unit&quot;:&quot;px&quot;,&quot;size&quot;:&quot;&quot;,&quot;sizes&quot;:[]},&quot;_transform_translateY_effect_mobile&quot;:{&quot;unit&quot;:&quot;px&quot;,&quot;size&quot;:&quot;&quot;,&quot;sizes&quot;:[]}}\" data-widget_type=\"text-editor.default\">\n\t\t\t\t<div class=\"elementor-widget-container\">\n\t\t\t\t\t\t\t\t\t<p>Masz ju\u017c konto ? <a href=\"https:\/\/akademiafalizycia.pl\/en\/login\/\">Zaloguj si\u0119 tutaj<\/a><\/p>\t\t\t\t\t\t\t\t<\/div>\n\t\t\t\t<\/div>\n\t\t\t\t<div class=\"elementor-element elementor-element-4fe76bc elementor-widget elementor-widget-shortcode\" data-id=\"4fe76bc\" data-element_type=\"widget\" data-widget_type=\"shortcode.default\">\n\t\t\t\t<div class=\"elementor-widget-container\">\n\t\t\t\t\t\t\t<div class=\"elementor-shortcode\">\t<div class='user-registration ur-frontend-form' id='user-registration-form-1143'>\n\t\t\t\t\t\t\t\t<form method='post' class='register' data-form-id=\"1143\"\n\t\t\t\tdata-enable-strength-password=\"\" data-minimum-password-strength=\"3\"\n\t\t\t\t\t\t\t\t\t\t\t\t\t\t\t data-captcha-enabled=\"\" action=\"\">\n\n\t\t\t\t<div class=\"ur-form-row\" data-row-id=\"0\">\t\t\t\t\t\t<div class=\"ur-form-grid ur-grid-1\"\n\t\t\t\t\t\t\tstyle=\"width:48%\">\n\t\t\t\t\t\t\t\t\t\t\t\t\t\t<div  data-field-id=\"first_name\" class=\"ur-field-item field-first_name\" data-ref-id=\"first_name\">\n\t\t\t\t\t\t\t\t\t<div class=\"form-row validate-required\" id=\"first_name_field\" data-priority=\"\" ><label for=\"first_name\" class=\"ur-label\">Imi\u0119 <abbr class=\"required\" title=\"required\">*<\/abbr><\/label> <span class=\"input-wrapper\"> <input  data-rules=\"\" data-id=\"first_name\" type=\"text\" class=\"input-text   input-text ur-frontend-field\" name=\"first_name\" id=\"first_name\" placeholder=\"Imi\u0119\"  value=\"\" required=\"required\" data-label=\"Imi\u0119\" \/> <\/span> <\/div>\t\t\t\t\t\t\t\t<\/div>\n\t\t\t\t\t\t\t\t\t\t\t\t\t\t<\/div>\n\t\t\t\t\t\t\t\t\t\t\t\t<div class=\"ur-form-grid ur-grid-2\"\n\t\t\t\t\t\t\tstyle=\"width:48%\">\n\t\t\t\t\t\t\t\t\t\t\t\t\t\t<div  data-field-id=\"last_name\" class=\"ur-field-item field-last_name\" data-ref-id=\"last_name\">\n\t\t\t\t\t\t\t\t\t<div class=\"form-row validate-required\" id=\"last_name_field\" data-priority=\"\" ><label for=\"last_name\" class=\"ur-label\">Nazwisko <abbr class=\"required\" title=\"required\">*<\/abbr><\/label> <span class=\"input-wrapper\"> <input  data-rules=\"\" data-id=\"last_name\" type=\"text\" class=\"input-text   input-text ur-frontend-field\" name=\"last_name\" id=\"last_name\" placeholder=\"Nazwisko\"  value=\"\" required=\"required\" data-label=\"Nazwisko\" \/> <\/span> <\/div>\t\t\t\t\t\t\t\t<\/div>\n\t\t\t\t\t\t\t\t\t\t\t\t\t\t<\/div>\n\t\t\t\t\t\t\t\t\t\t\t<\/div>\n\t\t\t\t\t<div class=\"ur-form-row\" data-row-id=\"1\">\t\t\t\t\t\t<div class=\"ur-form-grid ur-grid-1\"\n\t\t\t\t\t\t\tstyle=\"width:48%\">\n\t\t\t\t\t\t\t\t\t\t\t\t\t\t<div  data-field-id=\"lifeid\" class=\"ur-field-item field-text\" data-ref-id=\"lifeid\">\n\t\t\t\t\t\t\t\t\t<div class=\"form-row validate-required\" id=\"lifeid_field\" data-priority=\"\" ><label for=\"lifeid\" class=\"ur-label\">Twoje ID Lifewave <abbr class=\"required\" title=\"required\">*<\/abbr><\/label> <span class=\"input-wrapper\"> <input  data-rules=\"\" data-id=\"lifeid\" type=\"text\" class=\"input-text   input-text ur-frontend-field\" name=\"lifeid\" id=\"lifeid\" placeholder=\"Wprowad\u017a sw\u00f3j Lifewave ID\"  value=\"\" required=\"required\" data-label=\"Twoje ID Lifewave\" \/> <\/span> <\/div>\t\t\t\t\t\t\t\t<\/div>\n\t\t\t\t\t\t\t\t\t\t\t\t\t\t<\/div>\n\t\t\t\t\t\t\t\t\t\t\t\t<div class=\"ur-form-grid ur-grid-2\"\n\t\t\t\t\t\t\tstyle=\"width:48%\">\n\t\t\t\t\t\t\t\t\t\t\t\t\t\t<div  data-field-id=\"user_email\" class=\"ur-field-item field-user_email\" data-ref-id=\"user_email\">\n\t\t\t\t\t\t\t\t\t<div class=\"form-row validate-required\" id=\"user_email_field\" data-priority=\"\" ><label for=\"user_email\" class=\"ur-label\">E-mail <abbr class=\"required\" title=\"required\">*<\/abbr><\/label> <span class=\"input-wrapper\"> <input  data-rules=\"\" data-id=\"user_email\" type=\"email\" class=\"input-text   input-email ur-frontend-field\" name=\"user_email\" id=\"user_email\" placeholder=\"yourmail@gmail.com\"  value=\"\" required=\"required\" data-label=\"E-mail\" \/> <\/span> <\/div>\t\t\t\t\t\t\t\t<\/div>\n\t\t\t\t\t\t\t\t\t\t\t\t\t\t<\/div>\n\t\t\t\t\t\t\t\t\t\t\t<\/div>\n\t\t\t\t\t<div class=\"ur-form-row\" data-row-id=\"6\">\t\t\t\t\t\t<div class=\"ur-form-grid ur-grid-1\"\n\t\t\t\t\t\t\tstyle=\"width:99%\">\n\t\t\t\t\t\t\t\t\t\t\t\t\t\t<div  data-field-id=\"user_pass\" class=\"ur-field-item field-user_pass\" data-ref-id=\"user_pass\">\n\t\t\t\t\t\t\t\t\t<div class=\"form-row validate-required hide_show_password\" id=\"user_pass_field\" data-priority=\"\"><label for=\"user_pass\" class=\"ur-label\">Has\u0142o <abbr class=\"required\" title=\"required\">*<\/abbr><\/label> <span class=\"input-wrapper\"> <span class=\"password-input-group input-form-field-icons\"><input data-rules=\"\" data-id=\"user_pass\" type=\"password\" class=\"input-text  input-password ur-frontend-field\" name=\"user_pass\" id=\"user_pass\" placeholder=\"\"  value=\"\" required=\"required\" data-label=\"Has\u0142o\" \/><a href=\"javaScript:void(0)\" class=\"password_preview dashicons dashicons-hidden\" title=\" Show password \"><\/a><\/span> <\/span> <\/div>\t\t\t\t\t\t\t\t<\/div>\n\t\t\t\t\t\t\t\t\t\t\t\t\t\t<\/div>\n\t\t\t\t\t\t\t\t\t\t\t<\/div>\n\t\t\t\t\t<div class=\"ur-form-row\" data-row-id=\"7\">\t\t\t\t\t\t<div class=\"ur-form-grid ur-grid-1\"\n\t\t\t\t\t\t\tstyle=\"width:99%\">\n\t\t\t\t\t\t\t\t\t\t\t\t\t\t<div  data-field-id=\"input_box_1739518181\" class=\"ur-field-item field-text\" data-ref-id=\"input_box_1739518181\">\n\t\t\t\t\t\t\t\t\t<div class=\"form-row validate-required\" id=\"input_box_1739518181_field\" data-priority=\"\" ><label for=\"input_box_1739518181\" class=\"ur-label\">Telefon <abbr class=\"required\" title=\"required\">*<\/abbr><\/label> <span class=\"input-wrapper\"> <input  data-rules=\"\" data-id=\"input_box_1739518181\" type=\"text\" class=\"input-text   input-text ur-frontend-field\" name=\"input_box_1739518181\" id=\"input_box_1739518181\" placeholder=\"\"  value=\"\" required=\"required\" data-label=\"Telefon\" \/> <\/span> <\/div>\t\t\t\t\t\t\t\t<\/div>\n\t\t\t\t\t\t\t\t\t\t\t\t\t\t\t\t<div  data-field-id=\"input_box_1744281579\" class=\"ur-field-item field-text\" data-ref-id=\"input_box_1744281579\">\n\t\t\t\t\t\t\t\t\t<div class=\"form-row\" id=\"input_box_1744281579_field\" data-priority=\"\" ><label for=\"input_box_1744281579\" class=\"ur-label\">Kraj<\/label> <span class=\"input-wrapper\"> <input  data-rules=\"\" data-id=\"input_box_1744281579\" type=\"text\" class=\"input-text   input-text ur-frontend-field\" name=\"input_box_1744281579\" id=\"input_box_1744281579\" placeholder=\"\"  value=\"\" data-label=\"Kraj\" \/> <\/span> <\/div>\t\t\t\t\t\t\t\t<\/div>\n\t\t\t\t\t\t\t\t\t\t\t\t\t\t<\/div>\n\t\t\t\t\t\t\t\t\t\t\t<\/div>\n\t\t\t\t\t<div class=\"ur-form-row\" data-row-id=\"8\">\t\t\t\t\t\t<div class=\"ur-form-grid ur-grid-1\"\n\t\t\t\t\t\t\tstyle=\"width:48%\">\n\t\t\t\t\t\t\t\t\t\t\t\t\t\t<div  data-field-id=\"input_box_1739518246\" class=\"ur-field-item field-text\" data-ref-id=\"input_box_1739518246\">\n\t\t\t\t\t\t\t\t\t<div class=\"form-row validate-required\" id=\"input_box_1739518246_field\" data-priority=\"\" ><label for=\"input_box_1739518246\" class=\"ur-label\">Miasto <abbr class=\"required\" title=\"required\">*<\/abbr><\/label> <span class=\"input-wrapper\"> <input  data-rules=\"\" data-id=\"input_box_1739518246\" type=\"text\" class=\"input-text   input-text ur-frontend-field\" name=\"input_box_1739518246\" id=\"input_box_1739518246\" placeholder=\"\"  value=\"\" required=\"required\" data-label=\"Miasto\" \/> <\/span> <\/div>\t\t\t\t\t\t\t\t<\/div>\n\t\t\t\t\t\t\t\t\t\t\t\t\t\t<\/div>\n\t\t\t\t\t\t\t\t\t\t\t\t<div class=\"ur-form-grid ur-grid-2\"\n\t\t\t\t\t\t\tstyle=\"width:48%\">\n\t\t\t\t\t\t\t\t\t\t\t\t\t\t<div  data-field-id=\"select_1744010402\" class=\"ur-field-item field-select dropdown-select-details\" data-ref-id=\"select_1744010402\">\n\t\t\t\t\t\t\t\t\t<div class=\"form-row\" id=\"select_1744010402_field\" data-priority=\"\" ><label for=\"select_1744010402\" class=\"ur-label\">Wojew\u00f3dztwo<\/label><select data-rules=\"\" data-id=\"select_1744010402\" name=\"select_1744010402\" id=\"select_1744010402\" class=\"select ur-frontend-field\" data-label=\"Wojew\u00f3dztwo\" data-default=\"NIE DOTYCZY\" data-allow_clear=\"true\" data-placeholder=\"\">\n\t\t\t\t\t\t\t<option value=\"NIE DOTYCZY\"  selected='selected'>NIE DOTYCZY<\/option><option value=\"dolno\u015bl\u0105skie\" >dolno\u015bl\u0105skie<\/option><option value=\"kujawsko-pomorskie\" >kujawsko-pomorskie<\/option><option value=\"lubelskie\" >lubelskie<\/option><option value=\"lubuskie\" >lubuskie<\/option><option value=\"\u0142\u00f3dzkie\" >\u0142\u00f3dzkie<\/option><option value=\"ma\u0142opolskie\" >ma\u0142opolskie<\/option><option value=\"mazowieckie\" >mazowieckie<\/option><option value=\"opolskie\" >opolskie<\/option><option value=\"podkarpackie\" >podkarpackie<\/option><option value=\"podlaskie\" >podlaskie<\/option><option value=\"pomorskie\" >pomorskie<\/option><option value=\"\u015bl\u0105skie\" >\u015bl\u0105skie<\/option><option value=\"\u015bwi\u0119tokrzyskie\" >\u015bwi\u0119tokrzyskie<\/option><option value=\"warmi\u0144sko-mazurskie\" >warmi\u0144sko-mazurskie<\/option><option value=\"wielkopolskie\" >wielkopolskie<\/option><option value=\"zachodniopomorskie\" >zachodniopomorskie<\/option>\n\t\t\t\t\t\t<\/select><\/div>\t\t\t\t\t\t\t\t<\/div>\n\t\t\t\t\t\t\t\t\t\t\t\t\t\t<\/div>\n\t\t\t\t\t\t\t\t\t\t\t<\/div>\n\t\t\t\t\t<div class=\"ur-form-row\" data-row-id=\"10\">\t\t\t\t\t\t<div class=\"ur-form-grid ur-grid-1\"\n\t\t\t\t\t\t\tstyle=\"width:99%\">\n\t\t\t\t\t\t\t\t\t\t\t\t\t\t<div  data-field-id=\"check_box_1739518368\" class=\"ur-field-item field-checkbox umcterm\" data-ref-id=\"check_box_1739518368\">\n\t\t\t\t\t\t\t\t\t<div class=\"form-row validate-required\" id=\"check_box_1739518368_field\" data-priority=\"\" ><label class=\"ur-label\" required=\"required\" data-label=\"Regulamin\">Regulamin <abbr class=\"required\" title=\"required\">*<\/abbr><\/label><ul ><li class=\"ur-checkbox-list\"><input data-rules=\"\" data-id=\"check_box_1739518368[]\" required=\"required\" data-label=\"Regulamin\" data-value=\"Przeczyta\u0142em i zgadzam si\u0119 na Regulamin oraz Polityka prywatno\u015bci.\" type=\"checkbox\" class=\"input-checkbox ur-frontend-field\" name=\"check_box_1739518368[]\" id=\"check_box_1739518368_Przeczyta\u0142em i zgadzam si\u0119 na Regulamin oraz Polityka prywatno\u015bci.\" value=\"Przeczyta\u0142em i zgadzam si\u0119 na Regulamin oraz Polityka prywatno\u015bci.\" \/><label class=\"ur-checkbox-label\" for=\"check_box_1739518368_Przeczyta\u0142em i zgadzam si\u0119 na Regulamin oraz Polityka prywatno\u015bci.\">Przeczyta\u0142em i zgadzam si\u0119 na <a href='https:\/\/akademiafalizycia.pl\/en\/terms-and-conditions\/'>Regulamin<\/a> oraz <a href='https:\/\/akademiafalizycia.pl\/en\/privacy-policy\/'>Polityka prywatno\u015bci<\/a>.<\/label> <\/li><\/ul><\/div>\t\t\t\t\t\t\t\t<\/div>\n\t\t\t\t\t\t\t\t\t\t\t\t\t\t<\/div>\n\t\t\t\t\t\t\t\t\t\t\t<\/div>\n\t\t\t\t\t\t\t\t\t\t\t\t\t\t\t\t\t<div class=\"ur-button-container\" >\n\t\t\t\t\t\t\t\t\t\t\t\t\t\t<button type=\"submit\" class=\"btn button ur-submit-button\"  conditional_rules=\"&quot;&quot;\">\n\t\t\t\t\t\t\t\t<span><\/span>\n\t\t\t\t\t\t\t\tZarejestruj si\u0119\t\t\t\t\t\t\t<\/button>\n\t\t\t\t\t\t\t\t\t\t\t\t\t\t\t\t\t\t\t\t<\/div>\n\t\t\t\t\t\t\n\t\t\t\t<div style=\"clear:both\"><\/div>\n\t\t\t\t\t\t\t\t<input type=\"hidden\" name=\"ur-registration-language\" value=\"en-GB\"\/>\n\t\t\t\t<input type=\"hidden\" name=\"ur-user-form-id\" value=\"1143\"\/>\n\t\t\t\t<input type=\"hidden\" name=\"ur-redirect-url\" value=\"\"\/>\n\t\t\t\t<input type=\"hidden\" id=\"ur_frontend_form_nonce\" name=\"ur_frontend_form_nonce\" value=\"d36a13315d\" \/>\n\t\t\t\t\t\t\t<input type=\"hidden\" name=\"trp-form-language\" value=\"en\"\/><\/form>\n\t\t\t\n\t\t<div style=\"clear:both\"><\/div>\n\t<\/div>\n<\/div>\n\t\t\t\t\t\t<\/div>\n\t\t\t\t<\/div>\n\t\t\t\t<\/div>\n\t\t\t\t<\/div>\n\t\t\t\t<\/div>","protected":false},"excerpt":{"rendered":"<p>Powr\u00f3t do strony g\u0142\u00f3wnej Zarejestruj si\u0119 do Lifewave Academy Masz ju\u017c konto ? Zaloguj si\u0119 tutaj<\/p>","protected":false},"author":11,"featured_media":0,"parent":0,"menu_order":0,"comment_status":"closed","ping_status":"closed","template":"","meta":{"_acf_changed":false,"footnotes":""},"class_list":["post-1147","page","type-page","status-publish","hentry"],"acf":[],"_links":{"self":[{"href":"https:\/\/akademiafalizycia.pl\/en\/wp-json\/wp\/v2\/pages\/1147","targetHints":{"allow":["GET"]}}],"collection":[{"href":"https:\/\/akademiafalizycia.pl\/en\/wp-json\/wp\/v2\/pages"}],"about":[{"href":"https:\/\/akademiafalizycia.pl\/en\/wp-json\/wp\/v2\/types\/page"}],"author":[{"embeddable":true,"href":"https:\/\/akademiafalizycia.pl\/en\/wp-json\/wp\/v2\/users\/11"}],"replies":[{"embeddable":true,"href":"https:\/\/akademiafalizycia.pl\/en\/wp-json\/wp\/v2\/comments?post=1147"}],"version-history":[{"count":126,"href":"https:\/\/akademiafalizycia.pl\/en\/wp-json\/wp\/v2\/pages\/1147\/revisions"}],"predecessor-version":[{"id":4652,"href":"https:\/\/akademiafalizycia.pl\/en\/wp-json\/wp\/v2\/pages\/1147\/revisions\/4652"}],"wp:attachment":[{"href":"https:\/\/akademiafalizycia.pl\/en\/wp-json\/wp\/v2\/media?parent=1147"}],"curies":[{"name":"wp","href":"https:\/\/api.w.org\/{rel}","templated":true}]}}