{"id":1908,"date":"2025-02-28T06:48:45","date_gmt":"2025-02-28T06:48:45","guid":{"rendered":"https:\/\/akademiafalizycia.pl\/?page_id=1908"},"modified":"2025-04-12T18:32:51","modified_gmt":"2025-04-12T18:32:51","slug":"no-access","status":"publish","type":"page","link":"https:\/\/akademiafalizycia.pl\/en\/no-access\/","title":{"rendered":"No access"},"content":{"rendered":"<div data-elementor-type=\"wp-page\" data-elementor-id=\"1908\" class=\"elementor elementor-1908\" data-elementor-post-type=\"page\">\n\t\t\t\t<div data-particle_enable=\"false\" data-particle-mobile-disabled=\"false\" class=\"elementor-element elementor-element-e586c3f e-flex e-con-boxed e-con e-parent\" data-id=\"e586c3f\" data-element_type=\"container\" data-settings=\"{&quot;background_background&quot;:&quot;classic&quot;}\">\n\t\t\t\t\t<div class=\"e-con-inner\">\n\t\t<div data-particle_enable=\"false\" data-particle-mobile-disabled=\"false\" class=\"elementor-element elementor-element-b0cfe99 e-con-full e-flex e-con e-child\" data-id=\"b0cfe99\" data-element_type=\"container\" data-settings=\"{&quot;background_background&quot;:&quot;classic&quot;}\">\n\t\t\t\t<div class=\"elementor-element elementor-element-e5e7757 elementor-widget elementor-widget-image\" data-id=\"e5e7757\" data-element_type=\"widget\" data-widget_type=\"image.default\">\n\t\t\t\t<div class=\"elementor-widget-container\">\n\t\t\t\t\t\t\t\t\t\t\t\t\t\t\t<img decoding=\"async\" width=\"113\" height=\"114\" src=\"https:\/\/akademiafalizycia.pl\/wp-content\/uploads\/2025\/02\/checkmark-circle-02.png\" class=\"attachment-large size-large wp-image-1178\" alt=\"\" \/>\t\t\t\t\t\t\t\t\t\t\t\t\t\t\t<\/div>\n\t\t\t\t<\/div>\n\t\t\t\t<div class=\"elementor-element elementor-element-6098715 elementor-widget elementor-widget-heading\" data-id=\"6098715\" data-element_type=\"widget\" data-widget_type=\"heading.default\">\n\t\t\t\t<div class=\"elementor-widget-container\">\n\t\t\t\t\t<h2 class=\"elementor-heading-title elementor-size-default\">Nie masz dost\u0119pu do wy\u015bwietlenia.<\/h2>\t\t\t\t<\/div>\n\t\t\t\t<\/div>\n\t\t\t\t<div class=\"elementor-element elementor-element-00d3286 elementor-widget__width-inherit asnoaccess elementor-widget elementor-widget-shortcode\" data-id=\"00d3286\" data-element_type=\"widget\" data-widget_type=\"shortcode.default\">\n\t\t\t\t<div class=\"elementor-widget-container\">\n\t\t\t\t\t\t\t<div class=\"elementor-shortcode\"><p>You do not have access to view this content.<\/p>\n<\/div>\n\t\t\t\t\t\t<\/div>\n\t\t\t\t<\/div>\n\t\t\t\t<div class=\"elementor-element elementor-element-6d7af65 elementor-align-center elementor-widget elementor-widget-button\" data-id=\"6d7af65\" data-element_type=\"widget\" data-widget_type=\"button.default\">\n\t\t\t\t<div class=\"elementor-widget-container\">\n\t\t\t\t\t\t\t\t\t<div class=\"elementor-button-wrapper\">\n\t\t\t\t\t<a class=\"elementor-button elementor-button-link elementor-size-sm\" href=\"https:\/\/akademiafalizycia.pl\/en\">\n\t\t\t\t\t\t<span class=\"elementor-button-content-wrapper\">\n\t\t\t\t\t\t\t\t\t<span class=\"elementor-button-text\">Powr\u00f3t do strony g\u0142\u00f3wnej<\/span>\n\t\t\t\t\t<\/span>\n\t\t\t\t\t<\/a>\n\t\t\t\t<\/div>\n\t\t\t\t\t\t\t\t<\/div>\n\t\t\t\t<\/div>\n\t\t\t\t<div class=\"elementor-element elementor-element-56831d9 elementor-widget elementor-widget-heading\" data-id=\"56831d9\" data-element_type=\"widget\" data-widget_type=\"heading.default\">\n\t\t\t\t<div class=\"elementor-widget-container\">\n\t\t\t\t\t<h2 class=\"elementor-heading-title elementor-size-default\">Twoje konto zosta\u0142o zablokowane przez administratora. W razie pyta\u0144 skontaktuj si\u0119 z nami - kontakt@akademiafalizycia.pl<\/h2>\t\t\t\t<\/div>\n\t\t\t\t<\/div>\n\t\t\t\t<\/div>\n\t\t\t\t\t<\/div>\n\t\t\t\t<\/div>\n\t\t\t\t<\/div>","protected":false},"excerpt":{"rendered":"<p>Nie masz dost\u0119pu do wy\u015bwietlenia. Powr\u00f3t do strony g\u0142\u00f3wnej Twoje konto zosta\u0142o zablokowane przez administratora. W razie pyta\u0144 skontaktuj si\u0119 z nami &#8211; kontakt@akademiafalizycia.pl<\/p>","protected":false},"author":11,"featured_media":0,"parent":0,"menu_order":0,"comment_status":"closed","ping_status":"closed","template":"elementor_header_footer","meta":{"_acf_changed":false,"footnotes":""},"class_list":["post-1908","page","type-page","status-publish","hentry"],"acf":[],"_links":{"self":[{"href":"https:\/\/akademiafalizycia.pl\/en\/wp-json\/wp\/v2\/pages\/1908","targetHints":{"allow":["GET"]}}],"collection":[{"href":"https:\/\/akademiafalizycia.pl\/en\/wp-json\/wp\/v2\/pages"}],"about":[{"href":"https:\/\/akademiafalizycia.pl\/en\/wp-json\/wp\/v2\/types\/page"}],"author":[{"embeddable":true,"href":"https:\/\/akademiafalizycia.pl\/en\/wp-json\/wp\/v2\/users\/11"}],"replies":[{"embeddable":true,"href":"https:\/\/akademiafalizycia.pl\/en\/wp-json\/wp\/v2\/comments?post=1908"}],"version-history":[{"count":34,"href":"https:\/\/akademiafalizycia.pl\/en\/wp-json\/wp\/v2\/pages\/1908\/revisions"}],"predecessor-version":[{"id":4955,"href":"https:\/\/akademiafalizycia.pl\/en\/wp-json\/wp\/v2\/pages\/1908\/revisions\/4955"}],"wp:attachment":[{"href":"https:\/\/akademiafalizycia.pl\/en\/wp-json\/wp\/v2\/media?parent=1908"}],"curies":[{"name":"wp","href":"https:\/\/api.w.org\/{rel}","templated":true}]}}