{"id":2673,"date":"2025-03-06T21:52:18","date_gmt":"2025-03-06T21:52:18","guid":{"rendered":"https:\/\/akademiafalizycia.pl\/?page_id=2673"},"modified":"2025-11-16T16:07:30","modified_gmt":"2025-11-16T16:07:30","slug":"terms-and-conditions","status":"publish","type":"page","link":"https:\/\/akademiafalizycia.pl\/en\/terms-and-conditions\/","title":{"rendered":"LifeWave Academy \u2013 Terms &#038; Conditions"},"content":{"rendered":"<div data-elementor-type=\"wp-page\" data-elementor-id=\"2673\" class=\"elementor elementor-2673\" data-elementor-post-type=\"page\">\n\t\t\t\t<div data-particle_enable=\"false\" data-particle-mobile-disabled=\"false\" class=\"elementor-element elementor-element-b0e5205 e-flex e-con-boxed e-con e-parent\" data-id=\"b0e5205\" data-element_type=\"container\">\n\t\t\t\t\t<div class=\"e-con-inner\">\n\t\t<div data-particle_enable=\"false\" data-particle-mobile-disabled=\"false\" class=\"elementor-element elementor-element-58d67ff e-con-full elementor-hidden-mobile e-flex e-con e-child\" data-id=\"58d67ff\" data-element_type=\"container\">\n\t\t\t\t<div class=\"elementor-element elementor-element-5c3812d elementor-toc--minimized-on-tablet elementor-widget elementor-widget-table-of-contents\" data-id=\"5c3812d\" data-element_type=\"widget\" data-settings=\"{&quot;exclude_headings_by_selector&quot;:[],&quot;marker_view&quot;:&quot;bullets&quot;,&quot;icon&quot;:{&quot;value&quot;:&quot;&quot;,&quot;library&quot;:&quot;&quot;},&quot;min_height&quot;:{&quot;unit&quot;:&quot;px&quot;,&quot;size&quot;:0,&quot;sizes&quot;:[]},&quot;headings_by_tags&quot;:[&quot;h2&quot;,&quot;h3&quot;,&quot;h4&quot;,&quot;h5&quot;,&quot;h6&quot;],&quot;minimize_box&quot;:&quot;yes&quot;,&quot;minimized_on&quot;:&quot;tablet&quot;,&quot;hierarchical_view&quot;:&quot;yes&quot;,&quot;min_height_tablet&quot;:{&quot;unit&quot;:&quot;px&quot;,&quot;size&quot;:&quot;&quot;,&quot;sizes&quot;:[]},&quot;min_height_mobile&quot;:{&quot;unit&quot;:&quot;px&quot;,&quot;size&quot;:&quot;&quot;,&quot;sizes&quot;:[]}}\" data-widget_type=\"table-of-contents.default\">\n\t\t\t\t<div class=\"elementor-widget-container\">\n\t\t\t\t\t\t\t<div class=\"elementor-toc__header\">\n\t\t\t<h4 class=\"elementor-toc__header-title\">\n\t\t\t\tSpis tre\u015bci\t\t\t<\/h4>\n\t\t\t\t\t\t\t<div class=\"elementor-toc__toggle-button elementor-toc__toggle-button--expand\" role=\"button\" tabindex=\"0\" aria-controls=\"elementor-toc__5c3812d\" aria-expanded=\"true\" aria-label=\"Open table of contents\"><svg aria-hidden=\"true\" class=\"e-font-icon-svg e-fas-chevron-down\" viewbox=\"0 0 448 512\" xmlns=\"http:\/\/www.w3.org\/2000\/svg\"><path d=\"M207.029 381.476L12.686 187.132c-9.373-9.373-9.373-24.569 0-33.941l22.667-22.667c9.357-9.357 24.522-9.375 33.901-.04L224 284.505l154.745-154.021c9.379-9.335 24.544-9.317 33.901.04l22.667 22.667c9.373 9.373 9.373 24.569 0 33.941L240.971 381.476c-9.373 9.372-24.569 9.372-33.942 0z\"><\/path><\/svg><\/div>\n\t\t\t\t<div class=\"elementor-toc__toggle-button elementor-toc__toggle-button--collapse\" role=\"button\" tabindex=\"0\" aria-controls=\"elementor-toc__5c3812d\" aria-expanded=\"true\" aria-label=\"Close table of contents\"><svg aria-hidden=\"true\" class=\"e-font-icon-svg e-fas-chevron-up\" viewbox=\"0 0 448 512\" xmlns=\"http:\/\/www.w3.org\/2000\/svg\"><path d=\"M240.971 130.524l194.343 194.343c9.373 9.373 9.373 24.569 0 33.941l-22.667 22.667c-9.357 9.357-24.522 9.375-33.901.04L224 227.495 69.255 381.516c-9.379 9.335-24.544 9.317-33.901-.04l-22.667-22.667c-9.373-9.373-9.373-24.569 0-33.941L207.03 130.525c9.372-9.373 24.568-9.373 33.941-.001z\"><\/path><\/svg><\/div>\n\t\t\t\t\t<\/div>\n\t\t<div id=\"elementor-toc__5c3812d\" class=\"elementor-toc__body\">\n\t\t\t<div class=\"elementor-toc__spinner-container\">\n\t\t\t\t<svg class=\"elementor-toc__spinner eicon-animation-spin e-font-icon-svg e-eicon-loading\" aria-hidden=\"true\" viewbox=\"0 0 1000 1000\" xmlns=\"http:\/\/www.w3.org\/2000\/svg\"><path d=\"M500 975V858C696 858 858 696 858 500S696 142 500 142 142 304 142 500H25C25 237 238 25 500 25S975 237 975 500 763 975 500 975Z\"><\/path><\/svg>\t\t\t<\/div>\n\t\t<\/div>\n\t\t\t\t\t\t<\/div>\n\t\t\t\t<\/div>\n\t\t\t\t<\/div>\n\t\t<div data-particle_enable=\"false\" data-particle-mobile-disabled=\"false\" class=\"elementor-element elementor-element-bfd2448 e-con-full e-flex e-con e-child\" data-id=\"bfd2448\" data-element_type=\"container\">\n\t\t\t\t<div class=\"elementor-element elementor-element-736d7da elementor-widget elementor-widget-heading\" data-id=\"736d7da\" data-element_type=\"widget\" data-widget_type=\"heading.default\">\n\t\t\t\t<div class=\"elementor-widget-container\">\n\t\t\t\t\t<h1 class=\"elementor-heading-title elementor-size-default\">Regulamin Portalu AkademiaFaliZycia.pl<\/h1>\t\t\t\t<\/div>\n\t\t\t\t<\/div>\n\t\t\t\t<div class=\"elementor-element elementor-element-25a765d elementor-widget elementor-widget-text-editor\" data-id=\"25a765d\" data-element_type=\"widget\" data-widget_type=\"text-editor.default\">\n\t\t\t\t<div class=\"elementor-widget-container\">\n\t\t\t\t\t\t\t\t\t<h2>\u00a71&nbsp;Podstanowienia og\u00f3lne<\/h2>\n<ol>\n<li aria-level=\"1\"><span style=\"text-align: var(--text-align);\">Portal AkademiaFaliZycia.pl, zwany dalej &#8222;Portalem&#8221;, udost\u0119pnia u\u017cytkownikom nieodp\u0142atny dost\u0119p do materia\u0142\u00f3w edukacyjnych w formie wpis\u00f3w blogowych lekcji wideo oraz plik\u00f3w PDF. <\/span><\/li>\n<li aria-level=\"1\">Portal znajduje si\u0119 pod adresem https:\/\/AkademiaFaliZycia.pl<\/li>\n<li aria-level=\"1\">Korzystanie z Portalu jest r\u00f3wnoznaczne z akceptacj\u0105 niniejszego Regulaminu. <span style=\"text-align: var(--text-align);\">Je\u015bli nie zgadzasz si\u0119 z jak\u0105kolwiek cz\u0119\u015bci\u0105 tego Regulaminu, prosimy o powstrzymanie si\u0119 od korzystania z naszych us\u0142ug.<\/span><\/li>\n<\/ol>\n<h2>\u00a72 Warunki korzystania<\/h2>\n<ol>\n<li aria-level=\"1\">U\u017cytkownicy maj\u0105 prawo do nieodp\u0142atnego dost\u0119pu do materia\u0142\u00f3w dost\u0119pnych na Portalu.<\/li>\n<li aria-level=\"1\">U\u017cytkownik zobowi\u0105zany jest do korzystania z Portalu w spos\u00f3b zgodny z prawem, dobrymi obyczajami oraz postanowieniami niniejszego Regulaminu.<\/li>\n<li aria-level=\"1\">Zabrania si\u0119 rozpowszechniania, kopiowania, modyfikowania oraz wykorzystywania materia\u0142\u00f3w dost\u0119pnych na Portalu w celach komercyjnych bez wyra\u017anej zgody Autora<\/li>\n<li aria-level=\"1\">Portal umo\u017cliwia dobrowolny zapis na newslatter oraz pobieranie e-book\u00f3w. Korzystaj\u0105c z tych mo\u017cliwo\u015bci u\u017cytkownik przekazuje dobrowolnie swoje dane i zgadza si\u0119 na ich przetwarzanie zgodnie z Polityk\u0105 Prywatno\u015bci Portalu.<\/li>\n<\/ol>\n<h2>\u00a73 Prawa autorskie<\/h2>\n<ol>\n<li aria-level=\"1\">Wszystkie t\u0142umaczenia materia\u0142\u00f3w edukacyjnych materia\u0142y edukacyjne udost\u0119pniane na Portalu, w tym lekcje wideo oraz pliki PDF, s\u0105 chronione prawem autorskim i stanowi\u0105 w\u0142asno\u015b\u0107 Autora.<\/li>\n<li aria-level=\"1\">Autor udziela u\u017cytkownikom nieodp\u0142atnej licencji na korzystanie z materia\u0142\u00f3w dost\u0119pnych na Portalu wy\u0142\u0105cznie do cel\u00f3w osobistych i edukacyjnych.<\/li>\n<li aria-level=\"1\">Jakiekolwiek wykorzystanie materia\u0142\u00f3w poza zakresem okre\u015blonym w niniejszym Regulaminie wymaga uprzedniej zgody Autora.<\/li>\n<li aria-level=\"1\">Udost\u0119pnianie i rozpowszechnianie tre\u015bci po za Portalem jest zabronione.&nbsp;<\/li>\n<\/ol>\n<h2><span style=\"font-family: inherit; font-size: 2rem; text-align: var(--text-align);\">\u00a74 Zastrze\u017cenie i ograniczenie odpowiedzialno\u015bci<\/span><\/h2>\n<p>1. Portal dostarcza tre\u015bci edukacyjne i informacyjne, ale nie gwarantuje okre\u015blonych wynik\u00f3w biznesowych.&nbsp;<\/p>\n<p><span style=\"text-align: var(--text-align);\">2. Nie ponosimy odpowiedzialno\u015bci za jakiekolwiek bezpo\u015brednie lub po\u015brednie straty wynikaj\u0105ce z polegania na naszych materia\u0142ach szkoleniowych.<\/span><\/p>\n<p><span style=\"text-align: var(--text-align);\">3. Platforma mo\u017ce czasami do\u015bwiadcza\u0107 przerw w dzia\u0142aniu, aktualizacji lub problem\u00f3w technicznych, a my nie gwarantujemy nieprzerwanego dost\u0119pu.<\/span><\/p>\n<p>4. Produkty Lifewave nie maj\u0105 na celu diagnozowa\u0107 ani leczy\u0107 chor\u00f3b. S\u0105 one zarejestrowane jako produkty wellness. W przypadku z\u0142ego stanu zdrowia nale\u017cy zg\u0142osi\u0107 si\u0119 do swojego lekarza przed rozpocz\u0119ciem u\u017cywania jakiegokolwiek z produkt\u00f3w.&nbsp;<span style=\"text-align: var(--text-align);\"><br><\/span><\/p>\n<h2>\u00a75 Zmiany w Regulaminie<\/h2>\n<p>Portal zastrzega sobie prawo do zmiany niniejszego Regulaminu w dowolnym momencie. Aktualizacje b\u0119d\u0105 publikowane na naszej stronie internetowej, a dalsze korzystanie z naszych us\u0142ug po wprowadzeniu zmian oznacza akceptacj\u0119 nowych warunk\u00f3w.<\/p>\n<h2 style=\"font-family: Inter, sans-serif; color: #000000;\">\u00a76 Polityka p\u0142atno\u015bci i zwrot\u00f3w<\/h2>\n<p>Niekt\u00f3re szkolenia mog\u0105 wymaga\u0107 jednorazowej op\u0142aty lub subskrypcji.<\/p>\n<ul style=\"font-size: 16px; background-color: #ffffff;\">\n<li style=\"font-size: 16px; background-color: #ffffff;\">P\u0142atno\u015bci nie podlegaj\u0105 zwrotowi.<\/li>\n<li style=\"font-size: 16px; background-color: #ffffff;\">Portal zastrzega sobie prawo do zmiany cen, wprowadzenia nowych funkcji lub zaprzestania \u015bwiadczenia us\u0142ug w dowolnym momencie.<\/li>\n<\/ul>\n<h2 style=\"font-family: Inter, sans-serif; color: #000000;\">\u00a77 Postanowienia ko\u0144cowe<\/h2>\n<ol style=\"font-size: 16px; background-image: none; background-color: #ffffff;\">\n<li style=\"font-size: 16px; background-image: none; background-color: #ffffff;\" aria-level=\"1\">Autor zastrzega sobie prawo do wprowadzania zmian w Regulaminie w dowolnym czasie. Zmiany staj\u0105 si\u0119 skuteczne natychmiast po ich opublikowaniu na Portalu.<\/li>\n<li style=\"font-size: 16px; background-image: none; background-color: #ffffff;\" aria-level=\"1\">Wszelkie spory wynikaj\u0105ce z korzystania z Portalu b\u0119d\u0105 rozstrzygane przez s\u0105d w\u0142a\u015bciwy dla siedziby Autora.<\/li>\n<li style=\"font-size: 16px; background-image: none; background-color: #ffffff;\" aria-level=\"1\">W sprawach nieuregulowanych niniejszym Regulaminem zastosowanie maj\u0105 przepisy prawa polskiego.<\/li>\n<li>&nbsp;<\/li>\n<\/ol>\n<h2>\u00a78 Informacje kontaktowe<\/h2>\n<p>W przypadku pyta\u0144 lub w\u0105tpliwo\u015bci dotycz\u0105cych niniejszego Regulaminu, prosimy o kontakt:<\/p>\n<p>\ud83d\udce7 E-mail: [<a href=\"https:\/\/akademiafalizycia.pl\/en\/\">kontakt@akademiafalizycia.pl<\/a>]<\/p>\n<p>\ud83c\udf0d Strona internetowa: [<a href=\"https:\/\/akademiafalizycia.pl\/en\/\">https:\/\/akademiafalizycia.pl\/<\/a>]<\/p>\n<p><!-- \/wp:paragraph --><!-- wp:paragraph --><\/p>\n<p><!-- \/wp:paragraph --><\/p>\t\t\t\t\t\t\t\t<\/div>\n\t\t\t\t<\/div>\n\t\t\t\t<\/div>\n\t\t\t\t\t<\/div>\n\t\t\t\t<\/div>\n\t\t\t\t<\/div>","protected":false},"excerpt":{"rendered":"<p>Spis tre\u015bci Regulamin Portalu AkademiaFaliZycia.pl \u00a71&nbsp;Podstanowienia og\u00f3lne Portal AkademiaFaliZycia.pl, zwany dalej &#8222;Portalem&#8221;, udost\u0119pnia u\u017cytkownikom nieodp\u0142atny dost\u0119p do materia\u0142\u00f3w edukacyjnych w formie wpis\u00f3w blogowych lekcji wideo oraz plik\u00f3w PDF. Portal znajduje si\u0119 pod adresem https:\/\/AkademiaFaliZycia.pl Korzystanie z Portalu jest r\u00f3wnoznaczne z akceptacj\u0105 niniejszego Regulaminu. Je\u015bli nie zgadzasz si\u0119 z jak\u0105kolwiek cz\u0119\u015bci\u0105 tego Regulaminu, prosimy o powstrzymanie [&hellip;]<\/p>","protected":false},"author":8,"featured_media":0,"parent":0,"menu_order":0,"comment_status":"closed","ping_status":"closed","template":"elementor_header_footer","meta":{"_acf_changed":false,"footnotes":""},"class_list":["post-2673","page","type-page","status-publish","hentry"],"acf":[],"_links":{"self":[{"href":"https:\/\/akademiafalizycia.pl\/en\/wp-json\/wp\/v2\/pages\/2673","targetHints":{"allow":["GET"]}}],"collection":[{"href":"https:\/\/akademiafalizycia.pl\/en\/wp-json\/wp\/v2\/pages"}],"about":[{"href":"https:\/\/akademiafalizycia.pl\/en\/wp-json\/wp\/v2\/types\/page"}],"author":[{"embeddable":true,"href":"https:\/\/akademiafalizycia.pl\/en\/wp-json\/wp\/v2\/users\/8"}],"replies":[{"embeddable":true,"href":"https:\/\/akademiafalizycia.pl\/en\/wp-json\/wp\/v2\/comments?post=2673"}],"version-history":[{"count":28,"href":"https:\/\/akademiafalizycia.pl\/en\/wp-json\/wp\/v2\/pages\/2673\/revisions"}],"predecessor-version":[{"id":50598,"href":"https:\/\/akademiafalizycia.pl\/en\/wp-json\/wp\/v2\/pages\/2673\/revisions\/50598"}],"wp:attachment":[{"href":"https:\/\/akademiafalizycia.pl\/en\/wp-json\/wp\/v2\/media?parent=2673"}],"curies":[{"name":"wp","href":"https:\/\/api.w.org\/{rel}","templated":true}]}}